{"id":4794,"date":"2022-02-09T09:07:22","date_gmt":"2022-02-09T08:07:22","guid":{"rendered":"https:\/\/www.groupe-eram.com\/legal-information"},"modified":"2026-02-20T15:43:41","modified_gmt":"2026-02-20T14:43:41","slug":"legal-notices","status":"publish","type":"page","link":"https:\/\/www.groupe-eram.com\/en\/legal-notices","title":{"rendered":"Legal notices"},"content":{"rendered":"[vc_row type=&#8221;full_width_background&#8221; full_screen_row_position=&#8221;middle&#8221; column_margin=&#8221;80px&#8221; equal_height=&#8221;yes&#8221; content_placement=&#8221;top&#8221; column_direction=&#8221;default&#8221; column_direction_tablet=&#8221;default&#8221; column_direction_phone=&#8221;default&#8221; scene_position=&#8221;center&#8221; bottom_padding=&#8221;6%&#8221; text_color=&#8221;dark&#8221; text_align=&#8221;left&#8221; row_border_radius=&#8221;none&#8221; row_border_radius_applies=&#8221;bg&#8221; row_position_desktop=&#8221;default&#8221; row_position_tablet=&#8221;inherit&#8221; row_position_phone=&#8221;inherit&#8221; overflow=&#8221;visible&#8221; overlay_strength=&#8221;0.3&#8243; gradient_direction=&#8221;left_to_right&#8221; shape_divider_color=&#8221;#f4f4f4&#8243; shape_divider_position=&#8221;top&#8221; shape_divider_height=&#8221;80%&#8221; shape_divider_bring_to_front=&#8221;true&#8221; bg_image_animation=&#8221;none&#8221; shape_type=&#8221;straight_section&#8221; gradient_type=&#8221;default&#8221;][vc_column column_padding=&#8221;no-extra-padding&#8221; column_padding_tablet=&#8221;inherit&#8221; column_padding_phone=&#8221;inherit&#8221; column_padding_position=&#8221;all&#8221; flex_gap_desktop=&#8221;10px&#8221; column_element_direction_desktop=&#8221;default&#8221; column_element_spacing=&#8221;default&#8221; desktop_text_alignment=&#8221;default&#8221; tablet_text_alignment=&#8221;default&#8221; phone_text_alignment=&#8221;default&#8221; background_color_opacity=&#8221;1&#8243; background_hover_color_opacity=&#8221;1&#8243; column_backdrop_filter=&#8221;none&#8221; column_shadow=&#8221;none&#8221; column_border_radius=&#8221;none&#8221; column_link_target=&#8221;_self&#8221; column_position=&#8221;default&#8221; gradient_direction=&#8221;left_to_right&#8221; overlay_strength=&#8221;0.3&#8243; width=&#8221;1\/1&#8243; tablet_width_inherit=&#8221;default&#8221; animation_type=&#8221;default&#8221; bg_image_animation=&#8221;zoom-out&#8221; border_type=&#8221;simple&#8221; column_border_width=&#8221;none&#8221; column_border_style=&#8221;solid&#8221;][vc_row_inner column_margin=&#8221;default&#8221; column_direction=&#8221;default&#8221; column_direction_tablet=&#8221;default&#8221; column_direction_phone=&#8221;default&#8221; top_padding=&#8221;4%&#8221; top_padding_tablet=&#8221;2%&#8221; top_padding_phone=&#8221;1%&#8221; text_align=&#8221;left&#8221; row_position=&#8221;default&#8221; row_position_tablet=&#8221;inherit&#8221; row_position_phone=&#8221;inherit&#8221; overflow=&#8221;visible&#8221; pointer_events=&#8221;all&#8221;][vc_column_inner column_padding=&#8221;no-extra-padding&#8221; column_padding_tablet=&#8221;inherit&#8221; column_padding_phone=&#8221;inherit&#8221; column_padding_position=&#8221;all&#8221; flex_gap_desktop=&#8221;10px&#8221; column_element_direction_desktop=&#8221;default&#8221; column_element_spacing=&#8221;default&#8221; desktop_text_alignment=&#8221;default&#8221; tablet_text_alignment=&#8221;default&#8221; phone_text_alignment=&#8221;default&#8221; background_color_opacity=&#8221;1&#8243; background_hover_color_opacity=&#8221;1&#8243; column_backdrop_filter=&#8221;none&#8221; column_shadow=&#8221;none&#8221; column_border_radius=&#8221;none&#8221; column_link_target=&#8221;_self&#8221; overflow=&#8221;visible&#8221; gradient_direction=&#8221;left_to_right&#8221; overlay_strength=&#8221;0.3&#8243; width=&#8221;1\/3&#8243; tablet_width_inherit=&#8221;default&#8221; animation_type=&#8221;default&#8221; bg_image_animation=&#8221;none&#8221; border_type=&#8221;simple&#8221; column_border_width=&#8221;none&#8221; column_border_style=&#8221;solid&#8221; column_padding_type=&#8221;default&#8221; gradient_type=&#8221;default&#8221;][nectar_responsive_text inherited_font_style=&#8221;default&#8221; font_size_max=&#8221;80px&#8221; font_size_desktop=&#8221;3.5vw&#8221; font_size_tablet=&#8221;7vw&#8221; font_size_phone=&#8221;10vw&#8221; font_line_height=&#8221;1.1&#8243; text_direction=&#8221;default&#8221;]\n<h2><span style=\"font-family: ptserif;\">Legal<\/span> notices<\/h2>\n[\/nectar_responsive_text][\/vc_column_inner][vc_column_inner column_padding=&#8221;no-extra-padding&#8221; column_padding_tablet=&#8221;inherit&#8221; column_padding_phone=&#8221;inherit&#8221; column_padding_position=&#8221;all&#8221; flex_gap_desktop=&#8221;10px&#8221; column_element_direction_desktop=&#8221;default&#8221; column_element_spacing=&#8221;default&#8221; desktop_text_alignment=&#8221;default&#8221; tablet_text_alignment=&#8221;default&#8221; phone_text_alignment=&#8221;default&#8221; background_color_opacity=&#8221;1&#8243; background_hover_color_opacity=&#8221;1&#8243; column_backdrop_filter=&#8221;none&#8221; column_shadow=&#8221;none&#8221; column_border_radius=&#8221;none&#8221; column_link_target=&#8221;_self&#8221; overflow=&#8221;visible&#8221; gradient_direction=&#8221;left_to_right&#8221; overlay_strength=&#8221;0.3&#8243; width=&#8221;2\/3&#8243; tablet_width_inherit=&#8221;default&#8221; animation_type=&#8221;default&#8221; bg_image_animation=&#8221;none&#8221; border_type=&#8221;simple&#8221; column_border_width=&#8221;none&#8221; column_border_style=&#8221;solid&#8221;][divider line_type=&#8221;No Line&#8221; custom_height=&#8221;20vh&#8221; custom_height_tablet=&#8221;0&#8243; custom_height_phone=&#8221;0&#8243;][vc_column_text css=&#8221;&#8221; text_direction=&#8221;default&#8221;]<strong>WEBSITE PUBLISHER<br \/>\n<\/strong>Company identification: ERAM SAS<br \/>\nHead office: Saint-Pierre-Montlimart \u2013 49111 MONTREVAULT-SUR-\u00c8VRE CEDEX<br \/>\nRCS: 388.583.239 ANGERS<br \/>\nCapital: \u20ac73,600,000<br \/>\nIntra-community VAT number: FR 43 388 583 239<br \/>\nTel.: +33 (0)2 41 75 32 00<br \/>\nEmail: <a href=\"mailto:contact.groupe-eram@groupe-eram.com\">contact.groupe-eram@groupe-eram.com<\/a><br \/>\nPublishing Director: Solenn JORET<\/p>\n<p><strong>DESIGN AND DEVELOPMENT<br \/>\n<\/strong>Design : Atelier Deux C\u00e9<br \/>\n68 Rue d&#8217;Hauteville<br \/>\n75010 Paris<br \/>\nT\u00e9l : +33 (0)6 60 47 93 43<\/p>\n<p>Development : Agence Oh<br \/>\n8 passage du Petit Bois<br \/>\n44100 NANTES<br \/>\nT\u00e9l : +33 (0)6 35 47 15 97<\/p>\n<p><strong>WEBSITE HOST<br \/>\n<\/strong>ICODIA<br \/>\n22 Rue de l\u2019Erboni\u00e8re, 35510 Cesson-S\u00e9vign\u00e9<br \/>\nTel: +33 (0)2 30 96 40 59<\/p>\n<p><strong>PERSONAL DATA<br \/>\n<\/strong>ERAM SAS undertakes to preserve the confidentiality of any information provided online by users.<br \/>\nAny personal information that Internet users may transmit to ERAM SAS for the use of certain services is subject to the provisions of Law No. 78-17 on Information Technology and Civil Liberties of January 6, 1978, as amended, and the General Data Protection Regulation (EU Regulation 2016\/679 of April 27, 2016).<br \/>\nAs such, the user has the right to access, rectify, and delete personal information concerning him or her, which he or she may exercise at any time by sending a letter to the following address: ERAM SAS \u2013 For the attention of Ms. C\u00e9line Delaunay \u2013 St Pierre Montlimart 49111 MONTREVAULT-SUR-\u00c8VRE, or by email to the following address: <a href=\"mailto:dpo@groupe-eram.com\">dpo@groupe-eram.com<\/a><\/p>\n<p><b>PHOTO CREDITS<br \/>\n<\/b>Access to the site and use of its content are subject to the terms of use described below. By accessing and browsing the Site, visitors unreservedly accept these terms and conditions.<\/p>\n<p><strong>INTELLECTUAL PROPERTY<br \/>\n<\/strong>The Website is the exclusive property of the ERAM Group, which is solely authorized to use and exploit the intellectual property rights and personality rights attached to this Website, in particular trademarks, designs and models, copyrights, and image rights, either as the original owner or by virtue of a transfer or operating license. The use of all or part of the Site, in particular by downloading, reproduction, transmission or representation for purposes other than personal and private use for non-commercial purposes, is strictly prohibited.<\/p>\n<p><strong>HYPERTEXT LINKS TO OTHER SITES<br \/>\n<\/strong>Hypertext links to the Site may only be created with the prior written authorization of the ERAM Group, which may be revoked at any time. The ERAM Group declines all responsibility for the content of sites linked to the Site.<\/p>\n<p><strong>LIABILITY OF ERAM SAS<br \/>\n<\/strong>Under the conditions authorized by law, ERAM SAS shall not be held liable:<\/p>\n<ul>\n<li>for any inaccuracy, omission, or for any damage resulting from the intrusion of a third party leading to a modification of the information made available on the Website,<\/li>\n<li>in the event of damage caused by unauthorized third-party access to the Website or rendering it inaccessible.<\/li>\n<\/ul>\n<p>Visitors are informed that access to the Website may be interrupted at any time by ERAM SAS for maintenance, security, or any other technical reasons.<\/p>\n<p><strong>MODIFICATIONS<br \/>\n<\/strong>Given the possible developments of the Website, the ERAM Group reserves the right to adapt or modify these Terms of Use at any time. The new Terms of Use will then be brought to the user&#8217;s attention by means of an online modification.<\/p>\n<p><strong>APPLICABLE LAW<br \/>\n<\/strong>These terms and conditions are governed by French law. The French courts shall have sole jurisdiction to hear any dispute relating directly or indirectly to access to or use of this Site.[\/vc_column_text][\/vc_column_inner][\/vc_row_inner][\/vc_column][\/vc_row][vc_row type=&#8221;in_container&#8221; full_screen_row_position=&#8221;middle&#8221; column_margin=&#8221;default&#8221; column_direction=&#8221;default&#8221; column_direction_tablet=&#8221;default&#8221; column_direction_phone=&#8221;default&#8221; scene_position=&#8221;center&#8221; text_color=&#8221;dark&#8221; text_align=&#8221;left&#8221; row_border_radius=&#8221;none&#8221; row_border_radius_applies=&#8221;bg&#8221; row_position_desktop=&#8221;default&#8221; row_position_tablet=&#8221;inherit&#8221; row_position_phone=&#8221;inherit&#8221; overflow=&#8221;visible&#8221; overlay_strength=&#8221;0.3&#8243; gradient_direction=&#8221;left_to_right&#8221; shape_divider_position=&#8221;bottom&#8221; bg_image_animation=&#8221;none&#8221;][vc_column column_padding=&#8221;no-extra-padding&#8221; column_padding_tablet=&#8221;inherit&#8221; column_padding_phone=&#8221;inherit&#8221; column_padding_position=&#8221;all&#8221; flex_gap_desktop=&#8221;10px&#8221; column_element_direction_desktop=&#8221;default&#8221; column_element_spacing=&#8221;default&#8221; desktop_text_alignment=&#8221;default&#8221; tablet_text_alignment=&#8221;default&#8221; phone_text_alignment=&#8221;default&#8221; background_color_opacity=&#8221;1&#8243; background_hover_color_opacity=&#8221;1&#8243; column_backdrop_filter=&#8221;none&#8221; column_shadow=&#8221;none&#8221; column_border_radius=&#8221;none&#8221; column_link_target=&#8221;_self&#8221; column_position=&#8221;default&#8221; gradient_direction=&#8221;left_to_right&#8221; overlay_strength=&#8221;0.3&#8243; width=&#8221;1\/1&#8243; tablet_width_inherit=&#8221;default&#8221; animation_type=&#8221;default&#8221; bg_image_animation=&#8221;none&#8221; border_type=&#8221;simple&#8221; column_border_width=&#8221;none&#8221; column_border_style=&#8221;solid&#8221;][nectar_global_section id=&#8221;1738&#8243;][\/vc_column][\/vc_row]\n","protected":false},"excerpt":{"rendered":"<p>[vc_row type=&#8221;full_width_background&#8221; full_screen_row_position=&#8221;middle&#8221; column_margin=&#8221;80px&#8221; equal_height=&#8221;yes&#8221; content_placement=&#8221;top&#8221; column_direction=&#8221;default&#8221; column_direction_tablet=&#8221;default&#8221; column_direction_phone=&#8221;default&#8221; scene_position=&#8221;center&#8221; bottom_padding=&#8221;6%&#8221; text_color=&#8221;dark&#8221; text_align=&#8221;left&#8221; row_border_radius=&#8221;none&#8221; row_border_radius_applies=&#8221;bg&#8221; row_position_desktop=&#8221;default&#8221; row_position_tablet=&#8221;inherit&#8221; row_position_phone=&#8221;inherit&#8221; overflow=&#8221;visible&#8221; overlay_strength=&#8221;0.3&#8243;&#8230;<\/p>\n","protected":false},"author":1,"featured_media":9692,"parent":0,"menu_order":12,"comment_status":"closed","ping_status":"closed","template":"","meta":{"inline_featured_image":false,"footnotes":""},"class_list":["post-4794","page","type-page","status-publish","has-post-thumbnail"],"yoast_head":"<!-- This site is optimized with the Yoast SEO plugin v27.3 - https:\/\/yoast.com\/product\/yoast-seo-wordpress\/ -->\n<title>Legal notice | Eram Group<\/title>\n<meta name=\"description\" content=\"Legal notice for the Eram Group website: publisher, publication and regulatory information.\" \/>\n<meta name=\"robots\" content=\"index, follow, max-snippet:-1, max-image-preview:large, max-video-preview:-1\" \/>\n<link rel=\"canonical\" href=\"https:\/\/www.groupe-eram.com\/en\/legal-notices\" \/>\n<meta property=\"og:locale\" content=\"en_US\" \/>\n<meta property=\"og:type\" content=\"article\" \/>\n<meta property=\"og:title\" content=\"Legal notice | Eram Group\" \/>\n<meta property=\"og:description\" content=\"Legal notice for the Eram Group website: publisher, publication and regulatory information.\" \/>\n<meta property=\"og:url\" content=\"https:\/\/www.groupe-eram.com\/en\/legal-notices\" \/>\n<meta property=\"og:site_name\" content=\"GROUPE ERAM\" \/>\n<meta property=\"article:modified_time\" content=\"2026-02-20T14:43:41+00:00\" \/>\n<meta property=\"og:image\" content=\"https:\/\/www.groupe-eram.com\/wp-content\/uploads\/ERAM-GROUP.webp\" \/>\n\t<meta property=\"og:image:width\" content=\"1200\" \/>\n\t<meta property=\"og:image:height\" content=\"628\" \/>\n\t<meta property=\"og:image:type\" content=\"image\/webp\" \/>\n<meta name=\"twitter:card\" content=\"summary_large_image\" \/>\n<meta name=\"twitter:label1\" content=\"Est. reading time\" \/>\n\t<meta name=\"twitter:data1\" content=\"3 minutes\" \/>\n<script type=\"application\/ld+json\" class=\"yoast-schema-graph\">{\"@context\":\"https:\\\/\\\/schema.org\",\"@graph\":[{\"@type\":\"WebPage\",\"@id\":\"https:\\\/\\\/www.groupe-eram.com\\\/en\\\/legal-notices\",\"url\":\"https:\\\/\\\/www.groupe-eram.com\\\/en\\\/legal-notices\",\"name\":\"Legal notice | Eram Group\",\"isPartOf\":{\"@id\":\"https:\\\/\\\/www.groupe-eram.com\\\/#website\"},\"primaryImageOfPage\":{\"@id\":\"https:\\\/\\\/www.groupe-eram.com\\\/en\\\/legal-notices#primaryimage\"},\"image\":{\"@id\":\"https:\\\/\\\/www.groupe-eram.com\\\/en\\\/legal-notices#primaryimage\"},\"thumbnailUrl\":\"https:\\\/\\\/www.groupe-eram.com\\\/wp-content\\\/uploads\\\/ERAM-GROUP.webp\",\"datePublished\":\"2022-02-09T08:07:22+00:00\",\"dateModified\":\"2026-02-20T14:43:41+00:00\",\"description\":\"Legal notice for the Eram Group website: publisher, publication and regulatory information.\",\"breadcrumb\":{\"@id\":\"https:\\\/\\\/www.groupe-eram.com\\\/en\\\/legal-notices#breadcrumb\"},\"inLanguage\":\"en-US\",\"potentialAction\":[{\"@type\":\"ReadAction\",\"target\":[\"https:\\\/\\\/www.groupe-eram.com\\\/en\\\/legal-notices\"]}]},{\"@type\":\"ImageObject\",\"inLanguage\":\"en-US\",\"@id\":\"https:\\\/\\\/www.groupe-eram.com\\\/en\\\/legal-notices#primaryimage\",\"url\":\"https:\\\/\\\/www.groupe-eram.com\\\/wp-content\\\/uploads\\\/ERAM-GROUP.webp\",\"contentUrl\":\"https:\\\/\\\/www.groupe-eram.com\\\/wp-content\\\/uploads\\\/ERAM-GROUP.webp\",\"width\":1200,\"height\":628},{\"@type\":\"BreadcrumbList\",\"@id\":\"https:\\\/\\\/www.groupe-eram.com\\\/en\\\/legal-notices#breadcrumb\",\"itemListElement\":[{\"@type\":\"ListItem\",\"position\":1,\"name\":\"Accueil\",\"item\":\"https:\\\/\\\/www.groupe-eram.com\\\/en\"},{\"@type\":\"ListItem\",\"position\":2,\"name\":\"Legal notices\"}]},{\"@type\":\"WebSite\",\"@id\":\"https:\\\/\\\/www.groupe-eram.com\\\/#website\",\"url\":\"https:\\\/\\\/www.groupe-eram.com\\\/\",\"name\":\"GROUPE ERAM\",\"description\":\"\",\"publisher\":{\"@id\":\"https:\\\/\\\/www.groupe-eram.com\\\/#organization\"},\"potentialAction\":[{\"@type\":\"SearchAction\",\"target\":{\"@type\":\"EntryPoint\",\"urlTemplate\":\"https:\\\/\\\/www.groupe-eram.com\\\/?s={search_term_string}\"},\"query-input\":{\"@type\":\"PropertyValueSpecification\",\"valueRequired\":true,\"valueName\":\"search_term_string\"}}],\"inLanguage\":\"en-US\"},{\"@type\":\"Organization\",\"@id\":\"https:\\\/\\\/www.groupe-eram.com\\\/#organization\",\"name\":\"GROUPE ERAM\",\"url\":\"https:\\\/\\\/www.groupe-eram.com\\\/\",\"logo\":{\"@type\":\"ImageObject\",\"inLanguage\":\"en-US\",\"@id\":\"https:\\\/\\\/www.groupe-eram.com\\\/#\\\/schema\\\/logo\\\/image\\\/\",\"url\":\"https:\\\/\\\/www.groupe-eram.com\\\/wp-content\\\/uploads\\\/GROUPE-ERAM-1.webp\",\"contentUrl\":\"https:\\\/\\\/www.groupe-eram.com\\\/wp-content\\\/uploads\\\/GROUPE-ERAM-1.webp\",\"width\":1200,\"height\":628,\"caption\":\"GROUPE ERAM\"},\"image\":{\"@id\":\"https:\\\/\\\/www.groupe-eram.com\\\/#\\\/schema\\\/logo\\\/image\\\/\"},\"sameAs\":[\"https:\\\/\\\/www.linkedin.com\\\/company\\\/groupe-eram\\\/\"]}]}<\/script>\n<!-- \/ Yoast SEO plugin. -->","yoast_head_json":{"title":"Legal notice | Eram Group","description":"Legal notice for the Eram Group website: publisher, publication and regulatory information.","robots":{"index":"index","follow":"follow","max-snippet":"max-snippet:-1","max-image-preview":"max-image-preview:large","max-video-preview":"max-video-preview:-1"},"canonical":"https:\/\/www.groupe-eram.com\/en\/legal-notices","og_locale":"en_US","og_type":"article","og_title":"Legal notice | Eram Group","og_description":"Legal notice for the Eram Group website: publisher, publication and regulatory information.","og_url":"https:\/\/www.groupe-eram.com\/en\/legal-notices","og_site_name":"GROUPE ERAM","article_modified_time":"2026-02-20T14:43:41+00:00","og_image":[{"width":1200,"height":628,"url":"https:\/\/www.groupe-eram.com\/wp-content\/uploads\/ERAM-GROUP.webp","type":"image\/webp"}],"twitter_card":"summary_large_image","twitter_misc":{"Est. reading time":"3 minutes"},"schema":{"@context":"https:\/\/schema.org","@graph":[{"@type":"WebPage","@id":"https:\/\/www.groupe-eram.com\/en\/legal-notices","url":"https:\/\/www.groupe-eram.com\/en\/legal-notices","name":"Legal notice | Eram Group","isPartOf":{"@id":"https:\/\/www.groupe-eram.com\/#website"},"primaryImageOfPage":{"@id":"https:\/\/www.groupe-eram.com\/en\/legal-notices#primaryimage"},"image":{"@id":"https:\/\/www.groupe-eram.com\/en\/legal-notices#primaryimage"},"thumbnailUrl":"https:\/\/www.groupe-eram.com\/wp-content\/uploads\/ERAM-GROUP.webp","datePublished":"2022-02-09T08:07:22+00:00","dateModified":"2026-02-20T14:43:41+00:00","description":"Legal notice for the Eram Group website: publisher, publication and regulatory information.","breadcrumb":{"@id":"https:\/\/www.groupe-eram.com\/en\/legal-notices#breadcrumb"},"inLanguage":"en-US","potentialAction":[{"@type":"ReadAction","target":["https:\/\/www.groupe-eram.com\/en\/legal-notices"]}]},{"@type":"ImageObject","inLanguage":"en-US","@id":"https:\/\/www.groupe-eram.com\/en\/legal-notices#primaryimage","url":"https:\/\/www.groupe-eram.com\/wp-content\/uploads\/ERAM-GROUP.webp","contentUrl":"https:\/\/www.groupe-eram.com\/wp-content\/uploads\/ERAM-GROUP.webp","width":1200,"height":628},{"@type":"BreadcrumbList","@id":"https:\/\/www.groupe-eram.com\/en\/legal-notices#breadcrumb","itemListElement":[{"@type":"ListItem","position":1,"name":"Accueil","item":"https:\/\/www.groupe-eram.com\/en"},{"@type":"ListItem","position":2,"name":"Legal notices"}]},{"@type":"WebSite","@id":"https:\/\/www.groupe-eram.com\/#website","url":"https:\/\/www.groupe-eram.com\/","name":"GROUPE ERAM","description":"","publisher":{"@id":"https:\/\/www.groupe-eram.com\/#organization"},"potentialAction":[{"@type":"SearchAction","target":{"@type":"EntryPoint","urlTemplate":"https:\/\/www.groupe-eram.com\/?s={search_term_string}"},"query-input":{"@type":"PropertyValueSpecification","valueRequired":true,"valueName":"search_term_string"}}],"inLanguage":"en-US"},{"@type":"Organization","@id":"https:\/\/www.groupe-eram.com\/#organization","name":"GROUPE ERAM","url":"https:\/\/www.groupe-eram.com\/","logo":{"@type":"ImageObject","inLanguage":"en-US","@id":"https:\/\/www.groupe-eram.com\/#\/schema\/logo\/image\/","url":"https:\/\/www.groupe-eram.com\/wp-content\/uploads\/GROUPE-ERAM-1.webp","contentUrl":"https:\/\/www.groupe-eram.com\/wp-content\/uploads\/GROUPE-ERAM-1.webp","width":1200,"height":628,"caption":"GROUPE ERAM"},"image":{"@id":"https:\/\/www.groupe-eram.com\/#\/schema\/logo\/image\/"},"sameAs":["https:\/\/www.linkedin.com\/company\/groupe-eram\/"]}]}},"_links":{"self":[{"href":"https:\/\/www.groupe-eram.com\/en\/wp-json\/wp\/v2\/pages\/4794","targetHints":{"allow":["GET"]}}],"collection":[{"href":"https:\/\/www.groupe-eram.com\/en\/wp-json\/wp\/v2\/pages"}],"about":[{"href":"https:\/\/www.groupe-eram.com\/en\/wp-json\/wp\/v2\/types\/page"}],"author":[{"embeddable":true,"href":"https:\/\/www.groupe-eram.com\/en\/wp-json\/wp\/v2\/users\/1"}],"replies":[{"embeddable":true,"href":"https:\/\/www.groupe-eram.com\/en\/wp-json\/wp\/v2\/comments?post=4794"}],"version-history":[{"count":7,"href":"https:\/\/www.groupe-eram.com\/en\/wp-json\/wp\/v2\/pages\/4794\/revisions"}],"predecessor-version":[{"id":9782,"href":"https:\/\/www.groupe-eram.com\/en\/wp-json\/wp\/v2\/pages\/4794\/revisions\/9782"}],"wp:featuredmedia":[{"embeddable":true,"href":"https:\/\/www.groupe-eram.com\/en\/wp-json\/wp\/v2\/media\/9692"}],"wp:attachment":[{"href":"https:\/\/www.groupe-eram.com\/en\/wp-json\/wp\/v2\/media?parent=4794"}],"curies":[{"name":"wp","href":"https:\/\/api.w.org\/{rel}","templated":true}]}}